{"id":27,"date":"2025-07-11T03:59:17","date_gmt":"2025-07-11T05:59:17","guid":{"rendered":"https:\/\/xn--yerdenstma-2ubb.tr\/?page_id=27"},"modified":"2025-07-11T03:59:17","modified_gmt":"2025-07-11T05:59:17","slug":"ornek-calismalar","status":"publish","type":"page","link":"https:\/\/xn--yerdenstma-2ubb.tr\/index.php\/ornek-calismalar\/","title":{"rendered":"\u00d6rnek \u00e7al\u0131\u015fmalar"},"content":{"rendered":"","protected":false},"excerpt":{"rendered":"<p class=\"continue-reading-button\"> <a class=\"continue-reading-link\" href=\"https:\/\/xn--yerdenstma-2ubb.tr\/index.php\/ornek-calismalar\/\">Continue reading<i class=\"crycon-right-dir\"><\/i><\/a><\/p>\n","protected":false},"author":1,"featured_media":0,"parent":0,"menu_order":0,"comment_status":"closed","ping_status":"closed","template":"","meta":{"footnotes":""},"class_list":["post-27","page","type-page","status-publish","hentry"],"_links":{"self":[{"href":"https:\/\/xn--yerdenstma-2ubb.tr\/index.php\/wp-json\/wp\/v2\/pages\/27","targetHints":{"allow":["GET"]}}],"collection":[{"href":"https:\/\/xn--yerdenstma-2ubb.tr\/index.php\/wp-json\/wp\/v2\/pages"}],"about":[{"href":"https:\/\/xn--yerdenstma-2ubb.tr\/index.php\/wp-json\/wp\/v2\/types\/page"}],"author":[{"embeddable":true,"href":"https:\/\/xn--yerdenstma-2ubb.tr\/index.php\/wp-json\/wp\/v2\/users\/1"}],"replies":[{"embeddable":true,"href":"https:\/\/xn--yerdenstma-2ubb.tr\/index.php\/wp-json\/wp\/v2\/comments?post=27"}],"version-history":[{"count":1,"href":"https:\/\/xn--yerdenstma-2ubb.tr\/index.php\/wp-json\/wp\/v2\/pages\/27\/revisions"}],"predecessor-version":[{"id":28,"href":"https:\/\/xn--yerdenstma-2ubb.tr\/index.php\/wp-json\/wp\/v2\/pages\/27\/revisions\/28"}],"wp:attachment":[{"href":"https:\/\/xn--yerdenstma-2ubb.tr\/index.php\/wp-json\/wp\/v2\/media?parent=27"}],"curies":[{"name":"wp","href":"https:\/\/api.w.org\/{rel}","templated":true}]}}