{"id":7,"date":"2025-07-10T16:42:06","date_gmt":"2025-07-10T18:42:06","guid":{"rendered":"https:\/\/xn--yerdenstma-2ubb.tr\/?page_id=7"},"modified":"2025-07-12T05:10:31","modified_gmt":"2025-07-12T07:10:31","slug":"giris","status":"publish","type":"page","link":"https:\/\/xn--yerdenstma-2ubb.tr\/","title":{"rendered":"Giri\u015f"},"content":{"rendered":"\n<p>Yapt\u0131\u011f\u0131m\u0131z i\u015fleri kendi evimize yap\u0131yormu\u015fuz gibi d\u00fc\u015f\u00fcn\u00fcyoruz&#8230;<\/p>\n\n\n\n<p>Her t\u00fcrl\u00fc yerden \u0131s\u0131tma ihtiyac\u0131n\u0131z i\u00e7in mutlaka bizden teklif al\u0131n&#8230;<\/p>\n\n\n\n<p><\/p>\n\n\n\n<figure class=\"wp-block-image size-full\"><img loading=\"lazy\" decoding=\"async\" width=\"779\" height=\"524\" src=\"https:\/\/xn--yerdenstma-2ubb.tr\/wp-content\/uploads\/2025\/07\/image.png\" alt=\"\" class=\"wp-image-48\" srcset=\"https:\/\/xn--yerdenstma-2ubb.tr\/wp-content\/uploads\/2025\/07\/image.png 779w, https:\/\/xn--yerdenstma-2ubb.tr\/wp-content\/uploads\/2025\/07\/image-300x202.png 300w, https:\/\/xn--yerdenstma-2ubb.tr\/wp-content\/uploads\/2025\/07\/image-768x517.png 768w, https:\/\/xn--yerdenstma-2ubb.tr\/wp-content\/uploads\/2025\/07\/image-150x101.png 150w\" sizes=\"auto, (max-width: 779px) 100vw, 779px\" \/><\/figure>\n","protected":false},"excerpt":{"rendered":"<p>Yapt\u0131\u011f\u0131m\u0131z i\u015fleri kendi evimize yap\u0131yormu\u015fuz gibi d\u00fc\u015f\u00fcn\u00fcyoruz&#8230; Her t\u00fcrl\u00fc yerden \u0131s\u0131tma ihtiyac\u0131n\u0131z i\u00e7in mutlaka bizden teklif al\u0131n&#8230;<\/p>\n<p class=\"continue-reading-button\"> <a class=\"continue-reading-link\" href=\"https:\/\/xn--yerdenstma-2ubb.tr\/\">Continue reading<i class=\"crycon-right-dir\"><\/i><\/a><\/p>\n","protected":false},"author":1,"featured_media":0,"parent":0,"menu_order":0,"comment_status":"closed","ping_status":"closed","template":"","meta":{"footnotes":""},"class_list":["post-7","page","type-page","status-publish","hentry"],"_links":{"self":[{"href":"https:\/\/xn--yerdenstma-2ubb.tr\/index.php\/wp-json\/wp\/v2\/pages\/7","targetHints":{"allow":["GET"]}}],"collection":[{"href":"https:\/\/xn--yerdenstma-2ubb.tr\/index.php\/wp-json\/wp\/v2\/pages"}],"about":[{"href":"https:\/\/xn--yerdenstma-2ubb.tr\/index.php\/wp-json\/wp\/v2\/types\/page"}],"author":[{"embeddable":true,"href":"https:\/\/xn--yerdenstma-2ubb.tr\/index.php\/wp-json\/wp\/v2\/users\/1"}],"replies":[{"embeddable":true,"href":"https:\/\/xn--yerdenstma-2ubb.tr\/index.php\/wp-json\/wp\/v2\/comments?post=7"}],"version-history":[{"count":4,"href":"https:\/\/xn--yerdenstma-2ubb.tr\/index.php\/wp-json\/wp\/v2\/pages\/7\/revisions"}],"predecessor-version":[{"id":56,"href":"https:\/\/xn--yerdenstma-2ubb.tr\/index.php\/wp-json\/wp\/v2\/pages\/7\/revisions\/56"}],"wp:attachment":[{"href":"https:\/\/xn--yerdenstma-2ubb.tr\/index.php\/wp-json\/wp\/v2\/media?parent=7"}],"curies":[{"name":"wp","href":"https:\/\/api.w.org\/{rel}","templated":true}]}}